{"id":261,"date":"2024-12-29T07:17:51","date_gmt":"2024-12-29T11:17:51","guid":{"rendered":"http:\/\/www.suleymanoglutarim.com.tr\/contacts\/"},"modified":"2025-01-08T07:12:49","modified_gmt":"2025-01-08T11:12:49","slug":"contacts","status":"publish","type":"page","link":"https:\/\/www.suleymanoglutarim.com.tr\/tr\/contacts\/","title":{"rendered":"Contacts"},"content":{"rendered":"<div>\n<h1>Contact Us<\/h1>\n<\/div>\n<h1>Contact Us<\/h1>\n<h4>SuleymanogluTarim. Ara\u00e7. San. D\u0131\u015f Tic. Ltd.<\/h4>\n<h4><a href=\"mailto:info@suleymanoglutarim.com.tr\"><span>info@suleymanoglutarim.com.tr<\/span><\/a><\/h4>\n<div>\n<div>\n<div class=\"wpcf7 no-js\" id=\"wpcf7-f351-o1\" lang=\"en-US\" dir=\"ltr\" data-wpcf7-id=\"351\">\n<div class=\"screen-reader-response\"><p role=\"status\" aria-live=\"polite\" aria-atomic=\"true\"><\/p> <ul><\/ul><\/div>\n<form action=\"\/tr\/wp-json\/wp\/v2\/pages\/261#wpcf7-f351-o1\" method=\"post\" class=\"wpcf7-form init\" aria-label=\"Contact form\" novalidate=\"novalidate\" data-status=\"init\">\n<div style=\"display: none;\">\n<input type=\"hidden\" name=\"_wpcf7\" value=\"351\" \/>\n<input type=\"hidden\" name=\"_wpcf7_version\" value=\"6.0.6\" \/>\n<input type=\"hidden\" name=\"_wpcf7_locale\" value=\"en_US\" \/>\n<input type=\"hidden\" name=\"_wpcf7_unit_tag\" value=\"wpcf7-f351-o1\" \/>\n<input type=\"hidden\" name=\"_wpcf7_container_post\" value=\"0\" \/>\n<input type=\"hidden\" name=\"_wpcf7_posted_data_hash\" value=\"\" \/>\n<\/div>\n<div>\n\t<p>Ad\u0131n\u0131z<br \/>\n<span class=\"wpcf7-form-control-wrap\" data-name=\"your-name\"><input size=\"40\" maxlength=\"400\" class=\"wpcf7-form-control wpcf7-text wpcf7-validates-as-required uk-input\" autocomplete=\"name\" aria-required=\"true\" aria-invalid=\"false\" value=\"\" type=\"text\" name=\"your-name\" \/><\/span>\n\t<\/p>\n<\/div>\n<div>\n\t<p>E-mailiniz<br \/>\n<span class=\"wpcf7-form-control-wrap\" data-name=\"your-email\"><input size=\"40\" maxlength=\"400\" class=\"wpcf7-form-control wpcf7-email wpcf7-validates-as-required wpcf7-text wpcf7-validates-as-email uk-input\" autocomplete=\"email\" aria-required=\"true\" aria-invalid=\"false\" value=\"\" type=\"email\" name=\"your-email\" \/><\/span>\n\t<\/p>\n<\/div>\n<div>\n\t<p>Telefon<br \/>\n<span class=\"wpcf7-form-control-wrap\" data-name=\"your-tel\"><input size=\"40\" maxlength=\"400\" class=\"wpcf7-form-control wpcf7-text uk-input\" aria-invalid=\"false\" value=\"\" type=\"text\" name=\"your-tel\" \/><\/span>\n\t<\/p>\n<\/div>\n<div>\n\t<p>Mesaj\u0131n\u0131z<br \/>\n<span class=\"wpcf7-form-control-wrap\" data-name=\"your-message\"><textarea cols=\"40\" rows=\"3\" maxlength=\"2000\" class=\"wpcf7-form-control wpcf7-textarea wpcf7-validates-as-required uk-textarea\" aria-required=\"true\" aria-invalid=\"false\" name=\"your-message\"><\/textarea><\/span>\n\t<\/p>\n<\/div>\n<div>\n\t<p><input class=\"wpcf7-form-control wpcf7-submit has-spinner uk-button uk-button-default\" type=\"submit\" value=\"G\u00f6ndermek\" \/>\n\t<\/p>\n<\/div><div class=\"wpcf7-response-output\" aria-hidden=\"true\"><\/div>\n<\/form>\n<\/div>\n<\/div>\n<\/div>\n<ul>\n<li>\n<h3>Main Office<\/h3>\n<div>\n<p><a href=\"mailto:info@suleymanoglutarim.com.tr\"><span style=\"vertical-align: inherit;\"><span style=\"vertical-align: inherit;\"><span style=\"vertical-align: inherit;\"><span style=\"vertical-align: inherit;\"><span style=\"vertical-align: inherit;\"><span style=\"vertical-align: inherit;\"><span style=\"vertical-align: inherit;\"><span style=\"vertical-align: inherit;\">info@suleymanoglutarim.com.tr<\/span><\/span><\/span><\/span><\/span><\/span><\/span><\/span><\/a><\/p>\n<\/div>\n<\/li>\n<li>\n<h3>Sales Department<\/h3>\n<div>\n<p><a href=\"mailto:sales@suleymanoglutarim.com.tr\">sales@suleymanoglutarim.com.tr<\/a><\/p>\n<\/div>\n<\/li>\n<li>\n<h3>Export Department<\/h3>\n<div>\n<p><a href=\"mailto:export@suleymanoglutarim.com.tr\">export@suleymanoglutarim.com.tr<\/a><\/p>\n<\/div>\n<\/li>\n<\/ul>\n<p><!--more--><br \/>\n<!-- {\"type\":\"layout\",\"children\":[{\"type\":\"section\",\"props\":{\"image_position\":\"center-center\",\"padding_remove_top\":true,\"style\":\"default\",\"title_breakpoint\":\"xl\",\"title_position\":\"top-left\",\"title_rotation\":\"left\",\"vertical_align\":\"middle\",\"width\":\"\"},\"children\":[{\"type\":\"row\",\"children\":[{\"type\":\"column\",\"props\":{\"image_position\":\"center-center\",\"position_sticky_breakpoint\":\"m\"},\"children\":[{\"type\":\"slideshow\",\"props\":{\"link_style\":\"secondary\",\"link_text\":\"Read more\",\"margin\":\"remove-vertical\",\"meta_align\":\"below-title\",\"meta_element\":\"div\",\"meta_style\":\"text-meta\",\"nav\":\"dotnav\",\"nav_align\":\"center\",\"nav_breakpoint\":\"s\",\"nav_position\":\"bottom-center\",\"nav_position_margin\":\"medium\",\"overlay_animation\":\"parallax\",\"overlay_position\":\"center-left\",\"show_content\":true,\"show_link\":true,\"show_meta\":true,\"show_thumbnail\":true,\"show_title\":true,\"slidenav\":\"default\",\"slidenav_breakpoint\":\"s\",\"slidenav_margin\":\"medium\",\"slidenav_outside_breakpoint\":\"xl\",\"slideshow_autoplay_pause\":true,\"slideshow_max_height\":\"650\",\"slideshow_min_height\":\"350\",\"slideshow_ratio\":\"16:6\",\"text_color\":\"light\",\"thumbnav_height\":\"75\",\"thumbnav_svg_color\":\"emphasis\",\"thumbnav_width\":\"100\",\"title_color\":\"emphasis\",\"title_element\":\"h1\",\"title_style\":\"heading-large\",\"visibility\":\"s\"},\"children\":[{\"type\":\"slideshow_item\",\"props\":{\"title\":\"Contact Us\"},\"source\":{\"query\":{\"name\":\"pages.singlePage\",\"field\":{\"name\":\"field.slider\",\"directives\":[{\"name\":\"slice\",\"arguments\":{\"offset\":0}}]}},\"props\":{\"image\":{\"filters\":{\"search\":\"\"},\"name\":\"slider_image.url\"}}}}],\"name\":\"slide1\"},{\"type\":\"headline\",\"props\":{\"content\":\"Contact Us\",\"text_align\":\"center\",\"title_color\":\"background\",\"title_element\":\"h1\",\"title_font_family\":\"primary\",\"title_style\":\"heading-small\",\"visibility\":\"hidden-s\"}}]}]},{\"type\":\"row\",\"props\":{\"layout\":\"1-2,1-2\",\"width\":\"default\"},\"children\":[{\"type\":\"column\",\"props\":{\"image_position\":\"center-center\",\"position_sticky_breakpoint\":\"m\",\"vertical_align\":\"middle\",\"width_medium\":\"1-2\"},\"children\":[{\"type\":\"headline\",\"props\":{\"content\":\"SuleymanogluTarim. Ara\\u00e7. San. D\\u0131\\u015f Tic. Ltd.\",\"margin\":\"small\",\"text_align\":\"right\",\"title_element\":\"h4\"}},{\"type\":\"headline\",\"props\":{\"content\":\"<a href=\\\"mailto:info@suleymanoglutarim.com.tr\\\"><span>info@suleymanoglutarim.com.tr<\\\/span><\\\/a>\",\"margin\":\"small\",\"text_align\":\"right\",\"title_element\":\"h4\"}}]},{\"type\":\"column\",\"props\":{\"image_position\":\"center-center\",\"position_sticky_breakpoint\":\"m\",\"width_medium\":\"1-2\"},\"children\":[{\"type\":\"panel\",\"props\":{\"content\":\"[contact-form-7 id=\\\"11643c5\\\" title=\\\"Contact form 1\\\"]\",\"content_column_breakpoint\":\"m\",\"icon_width\":80,\"image_align\":\"top\",\"image_grid_breakpoint\":\"m\",\"image_grid_width\":\"1-2\",\"image_svg_color\":\"emphasis\",\"link_style\":\"default\",\"link_text\":\"Read more\",\"margin\":\"default\",\"meta_align\":\"below-title\",\"meta_element\":\"div\",\"meta_style\":\"text-meta\",\"panel_padding\":\"default\",\"panel_style\":\"card-default\",\"title_align\":\"top\",\"title_element\":\"h3\",\"title_grid_breakpoint\":\"m\",\"title_grid_width\":\"1-2\",\"title_hover_style\":\"reset\"}}]}]},{\"type\":\"row\",\"props\":{\"width\":\"default\"},\"children\":[{\"type\":\"column\",\"props\":{\"image_position\":\"center-center\",\"position_sticky_breakpoint\":\"m\"},\"children\":[{\"type\":\"panel-slider\",\"props\":{\"content_column_breakpoint\":\"m\",\"icon_width\":\"120\",\"image_align\":\"top\",\"image_grid_breakpoint\":\"m\",\"image_grid_width\":\"1-2\",\"image_svg_color\":\"emphasis\",\"link_style\":\"default\",\"link_text\":\"Read more\",\"margin\":\"default\",\"meta_align\":\"below-title\",\"meta_element\":\"div\",\"meta_style\":\"text-meta\",\"nav\":\"dotnav\",\"nav_align\":\"center\",\"nav_breakpoint\":\"s\",\"panel_match\":true,\"panel_padding\":\"default\",\"panel_style\":\"card-secondary\",\"show_content\":true,\"show_image\":true,\"show_link\":true,\"show_meta\":true,\"show_title\":true,\"slidenav\":\"outside\",\"slidenav_breakpoint\":\"xl\",\"slidenav_margin\":\"medium\",\"slidenav_outside_breakpoint\":\"xl\",\"slider_autoplay_pause\":true,\"slider_gap\":\"default\",\"slider_width\":\"fixed\",\"slider_width_default\":\"1-1\",\"slider_width_medium\":\"1-3\",\"text_align\":\"center\",\"title_align\":\"top\",\"title_element\":\"h3\",\"title_grid_breakpoint\":\"m\",\"title_grid_width\":\"1-2\",\"title_hover_style\":\"reset\"},\"children\":[{\"type\":\"panel-slider_item\",\"props\":{\"content\":\"\n\n<p><a href=\\\"mailto:info@suleymanoglutarim.com.tr\\\"><span style=\\\"vertical-align: inherit;\\\"><span style=\\\"vertical-align: inherit;\\\"><span style=\\\"vertical-align: inherit;\\\"><span style=\\\"vertical-align: inherit;\\\"><span style=\\\"vertical-align: inherit;\\\"><span style=\\\"vertical-align: inherit;\\\"><span style=\\\"vertical-align: inherit;\\\"><span style=\\\"vertical-align: inherit;\\\">info@suleymanoglutarim.com.tr<\\\/span><\\\/span><\\\/span><\\\/span><\\\/span><\\\/span><\\\/span><\\\/span><\\\/a><\\\/p>\",\"icon\":\"home\",\"title\":\"Main Office\"}},{\"type\":\"panel-slider_item\",\"props\":{\"content\":\"\n\n<p><a href=\\\"mailto:sales@suleymanoglutarim.com.tr\\\">sales@suleymanoglutarim.com.tr<\\\/a><\\\/p>\",\"icon\":\"receiver\",\"title\":\"Sales Department\"}},{\"type\":\"panel-slider_item\",\"props\":{\"content\":\"\n\n<p><a href=\\\"mailto:export@suleymanoglutarim.com.tr\\\">export@suleymanoglutarim.com.tr<\\\/a><\\\/p>\",\"icon\":\"world\",\"title\":\"Export Department\"}}]}]}]},{\"type\":\"row\",\"children\":[{\"type\":\"column\",\"props\":{\"image_position\":\"center-center\",\"position_sticky_breakpoint\":\"m\"}}]}]}],\"version\":\"4.4.16\"} --><\/p>\n","protected":false},"excerpt":{"rendered":"<p>Contact Us Contact Us SuleymanogluTarim. Ara\u00e7. San. D\u0131\u015f Tic. Ltd. info@suleymanoglutarim.com.tr Main Office info@suleymanoglutarim.com.tr Sales Department sales@suleymanoglutarim.com.tr Export Department export@suleymanoglutarim.com.tr<\/p>\n","protected":false},"author":1,"featured_media":0,"parent":0,"menu_order":0,"comment_status":"closed","ping_status":"closed","template":"","meta":{"footnotes":""},"class_list":["post-261","page","type-page","status-publish","hentry"],"acf":[],"_links":{"self":[{"href":"https:\/\/www.suleymanoglutarim.com.tr\/tr\/wp-json\/wp\/v2\/pages\/261","targetHints":{"allow":["GET"]}}],"collection":[{"href":"https:\/\/www.suleymanoglutarim.com.tr\/tr\/wp-json\/wp\/v2\/pages"}],"about":[{"href":"https:\/\/www.suleymanoglutarim.com.tr\/tr\/wp-json\/wp\/v2\/types\/page"}],"author":[{"embeddable":true,"href":"https:\/\/www.suleymanoglutarim.com.tr\/tr\/wp-json\/wp\/v2\/users\/1"}],"replies":[{"embeddable":true,"href":"https:\/\/www.suleymanoglutarim.com.tr\/tr\/wp-json\/wp\/v2\/comments?post=261"}],"version-history":[{"count":2,"href":"https:\/\/www.suleymanoglutarim.com.tr\/tr\/wp-json\/wp\/v2\/pages\/261\/revisions"}],"predecessor-version":[{"id":352,"href":"https:\/\/www.suleymanoglutarim.com.tr\/tr\/wp-json\/wp\/v2\/pages\/261\/revisions\/352"}],"wp:attachment":[{"href":"https:\/\/www.suleymanoglutarim.com.tr\/tr\/wp-json\/wp\/v2\/media?parent=261"}],"curies":[{"name":"wp","href":"https:\/\/api.w.org\/{rel}","templated":true}]}}