{"id":257,"date":"2024-12-22T12:20:01","date_gmt":"2024-12-22T16:20:01","guid":{"rendered":"http:\/\/www.suleymanoglutarim.com.tr\/?page_id=257"},"modified":"2025-01-08T09:37:05","modified_gmt":"2025-01-08T13:37:05","slug":"home","status":"publish","type":"page","link":"https:\/\/www.suleymanoglutarim.com.tr\/tr\/","title":{"rendered":"Home"},"content":{"rendered":"<ul>\n<li>\n<p>        <img decoding=\"async\" src=\"\/wp-content\/uploads\/2024\/12\/frame-3.jpg\" alt=\"\"><\/p>\n<h1>DISC <br \/>ROLLER<\/h1>\n<p><a href=\"#\">Read more<\/a><\/p>\n<\/li>\n<li>\n<p>        <img decoding=\"async\" src=\"\/wp-content\/uploads\/2024\/12\/main-slide-opr-1.jpg\" alt=\"\"><\/p>\n<h1>SPAYER <br \/>MACHINE<\/h1>\n<p><a href=\"#\">Read more<\/a><\/p>\n<\/li>\n<li>\n<\/li>\n<\/ul>\n<div>\n<\/div>\n<p><img decoding=\"async\" src=\"\/wp-content\/uploads\/2024\/12\/cropped-sss-1.png\" alt=\"\"><\/p>\n<blockquote>\n<p><span>Tar\u0131m, do\u011fan\u0131n resmidir; her f\u0131r\u00e7a darbesi topra\u011fa verilen eme\u011fin ve \u00f6zenin ifadesidir.<\/span><\/p>\n<footer>\n<p>                <cite>Jean-Fran\u00e7ois Millet<\/cite><\/p>\n<\/footer>\n<\/blockquote>\n<ul>\n<li>\n<h3>UZMAN TEKN\u0130K SERV\u0130S<\/h3>\n<div>Suleymanoglu uzman teknik servis hizmeti ile yan\u0131n\u0131zda!<\/div>\n<\/li>\n<li>\n<h3>KAL\u0130TEL\u0130 YEDEK PAR\u00c7A<\/h3>\n<div>Kaliteli ve uzun \u00f6m\u00fcrl\u00fc yedek par\u00e7alar.<\/div>\n<\/li>\n<li>\n<h3>GEN\u0130\u015e BAY\u0130 A\u011eI<\/h3>\n<div>D\u00fcnya \u00e7ap\u0131nda geni\u015f servis a\u011f\u0131 ve bayilikler.<\/div>\n<\/li>\n<\/ul>\n<p>\n    <a href=\"\">B\u0130ZE ULA\u015eIN<\/a>\n<\/p>\n<p><!--more--><br \/>\n<!-- {\"type\":\"layout\",\"children\":[{\"type\":\"section\",\"props\":{\"header_transparent\":false,\"header_transparent_noplaceholder\":true,\"header_transparent_text_color\":\"dark\",\"image_position\":\"center-center\",\"padding\":\"none\",\"style\":\"default\",\"title_breakpoint\":\"xl\",\"title_position\":\"top-left\",\"title_rotation\":\"left\",\"vertical_align\":\"middle\",\"width\":\"\"},\"children\":[{\"type\":\"row\",\"children\":[{\"type\":\"column\",\"props\":{\"image_position\":\"center-center\",\"position_sticky_breakpoint\":\"m\"},\"children\":[{\"type\":\"slideshow\",\"props\":{\"link_style\":\"secondary\",\"link_text\":\"Read more\",\"margin\":\"remove-vertical\",\"meta_align\":\"below-title\",\"meta_element\":\"div\",\"meta_style\":\"text-meta\",\"nav\":\"dotnav\",\"nav_align\":\"center\",\"nav_breakpoint\":\"s\",\"nav_position\":\"bottom-center\",\"nav_position_margin\":\"medium\",\"overlay_animation\":\"parallax\",\"overlay_position\":\"center-left\",\"show_content\":true,\"show_link\":true,\"show_meta\":true,\"show_thumbnail\":true,\"show_title\":true,\"slidenav\":\"default\",\"slidenav_breakpoint\":\"s\",\"slidenav_margin\":\"medium\",\"slidenav_outside_breakpoint\":\"xl\",\"slideshow_autoplay_pause\":true,\"slideshow_max_height\":\"650\",\"slideshow_min_height\":\"350\",\"slideshow_ratio\":\"16:6\",\"thumbnav_height\":\"75\",\"thumbnav_svg_color\":\"emphasis\",\"thumbnav_width\":\"100\",\"title_color\":\"background\",\"title_element\":\"h1\",\"title_style\":\"heading-large\",\"visibility\":\"s\"},\"children\":[{\"type\":\"slideshow_item\",\"props\":{\"image\":\"wp-content\\\/uploads\\\/2024\\\/12\\\/frame-3.jpg\",\"link\":\"#\",\"title\":\"DISC <br \\\/>ROLLER\"}},{\"type\":\"slideshow_item\",\"props\":{\"image\":\"wp-content\\\/uploads\\\/2024\\\/12\\\/main-slide-opr-1.jpg\",\"link\":\"#\",\"title\":\"SPAYER <br \\\/>MACHINE\"}},{\"type\":\"slideshow_item\",\"source\":{\"query\":{\"name\":\"pages.singlePage\",\"field\":{\"name\":\"field.slider\",\"directives\":[{\"name\":\"slice\",\"arguments\":{\"offset\":0}}]}},\"props\":{\"image\":{\"filters\":{\"search\":\"\"},\"name\":\"slider_image.url\"},\"title\":{\"filters\":{\"search\":\"\"},\"name\":\"zagolovok\"},\"link\":{\"filters\":{\"search\":\"\"},\"name\":\"ssylka\"},\"link_text\":{\"filters\":{\"search\":\"\"},\"name\":\"nazvanie_knopki\"}}}}]}]}]},{\"type\":\"row\",\"children\":[{\"type\":\"column\",\"props\":{\"image_position\":\"center-center\",\"position_sticky_breakpoint\":\"m\"}}]}]},{\"type\":\"section\",\"props\":{\"image_position\":\"center-center\",\"style\":\"default\",\"title_breakpoint\":\"xl\",\"title_position\":\"top-left\",\"title_rotation\":\"left\",\"vertical_align\":\"middle\",\"width\":\"default\"},\"children\":[{\"type\":\"row\",\"children\":[{\"type\":\"column\",\"props\":{\"image_position\":\"center-center\",\"position_sticky_breakpoint\":\"m\"},\"children\":[{\"type\":\"panel-slider\",\"props\":{\"content_column_breakpoint\":\"m\",\"icon_width\":80,\"image_align\":\"top\",\"image_grid_breakpoint\":\"m\",\"image_grid_width\":\"1-2\",\"image_svg_color\":\"emphasis\",\"link_style\":\"default\",\"link_text\":\"\",\"margin\":\"default\",\"meta_align\":\"below-title\",\"meta_element\":\"div\",\"meta_style\":\"text-meta\",\"nav\":\"dotnav\",\"nav_align\":\"center\",\"nav_breakpoint\":\"s\",\"panel_card_offset\":false,\"panel_expand\":\"image\",\"panel_image_no_padding\":false,\"panel_link\":true,\"panel_match\":true,\"panel_padding\":\"default\",\"panel_style\":\"card-secondary\",\"show_content\":true,\"show_image\":true,\"show_link\":true,\"show_meta\":true,\"show_title\":true,\"slidenav\":\"default\",\"slidenav_breakpoint\":\"xl\",\"slidenav_margin\":\"small\",\"slidenav_outside_breakpoint\":\"xl\",\"slider_autoplay_pause\":true,\"slider_center\":false,\"slider_finite\":false,\"slider_gap\":\"default\",\"slider_sets\":false,\"slider_width\":\"fixed\",\"slider_width_default\":\"1-1\",\"slider_width_medium\":\"1-4\",\"slider_width_small\":\"1-2\",\"text_align\":\"center\",\"title_align\":\"top\",\"title_element\":\"h3\",\"title_grid_breakpoint\":\"m\",\"title_grid_width\":\"1-2\",\"title_hover_style\":\"reset\",\"title_link\":false},\"children\":[{\"type\":\"panel-slider_item\",\"source\":{\"query\":{\"name\":\"productCats.customProductCats\",\"arguments\":{\"id\":0,\"offset\":0,\"limit\":10,\"order\":\"term_order\",\"order_direction\":\"ASC\"}},\"props\":{\"title\":{\"filters\":{\"search\":\"\"},\"name\":\"name\"},\"image\":{\"filters\":{\"search\":\"\"},\"name\":\"thumbnail.url\"},\"image_alt\":{\"filters\":{\"search\":\"\"},\"name\":\"name\"},\"link\":{\"filters\":{\"search\":\"\"},\"name\":\"link\"}}}}],\"name\":\"category panel\"}]}]}]},{\"type\":\"section\",\"props\":{\"image_position\":\"center-center\",\"style\":\"default\",\"title_breakpoint\":\"xl\",\"title_position\":\"top-left\",\"title_rotation\":\"left\",\"vertical_align\":\"middle\",\"width\":\"large\"},\"children\":[{\"type\":\"row\",\"children\":[{\"type\":\"column\",\"props\":{\"image_position\":\"center-center\",\"position_sticky_breakpoint\":\"m\"},\"children\":[{\"type\":\"image\",\"props\":{\"animation\":\"fade\",\"image\":\"wp-content\\\/uploads\\\/2024\\\/12\\\/cropped-sss-1.png\",\"image_svg_color\":\"emphasis\",\"image_width\":200,\"margin\":\"default\",\"text_align\":\"center\"}},{\"type\":\"quotation\",\"props\":{\"author\":\"Jean-Fran\\u00e7ois Millet\",\"content\":\"\n\n<p><span>Tar\\u0131m, do\\u011fan\\u0131n resmidir; her f\\u0131r\\u00e7a darbesi topra\\u011fa verilen eme\\u011fin ve \\u00f6zenin ifadesidir.<\\\/span><\\\/p>\",\"text_align\":\"center\"}}]}]}],\"name\":\"\\u041a\\u0430\\u0442\\u0435\\u0433\\u043e\\u0440\\u0438\\u0438\"},{\"type\":\"section\",\"props\":{\"image_position\":\"center-center\",\"preserve_color\":true,\"style\":\"secondary\",\"title_breakpoint\":\"xl\",\"title_position\":\"top-left\",\"title_rotation\":\"left\",\"vertical_align\":\"middle\",\"width\":\"default\"},\"children\":[{\"type\":\"row\",\"children\":[{\"type\":\"column\",\"props\":{\"image_position\":\"center-center\",\"position_sticky_breakpoint\":\"m\"},\"children\":[{\"type\":\"grid\",\"props\":{\"content_column_breakpoint\":\"m\",\"filter_align\":\"left\",\"filter_all\":true,\"filter_grid_breakpoint\":\"m\",\"filter_grid_width\":\"auto\",\"filter_position\":\"top\",\"filter_style\":\"tab\",\"grid_default\":\"1\",\"grid_medium\":\"3\",\"grid_small\":\"3\",\"icon_width\":80,\"image_align\":\"top\",\"image_grid_breakpoint\":\"m\",\"image_grid_width\":\"1-2\",\"image_svg_color\":\"emphasis\",\"item_animation\":true,\"link_style\":\"default\",\"link_text\":\"Read more\",\"margin\":\"default\",\"meta_align\":\"below-title\",\"meta_element\":\"div\",\"meta_style\":\"text-meta\",\"panel_padding\":\"default\",\"panel_style\":\"card-default\",\"show_content\":true,\"show_image\":true,\"show_link\":true,\"show_meta\":true,\"show_title\":true,\"text_align\":\"center\",\"title_align\":\"top\",\"title_element\":\"h3\",\"title_grid_breakpoint\":\"m\",\"title_grid_width\":\"1-2\",\"title_hover_style\":\"reset\"},\"children\":[{\"type\":\"grid_item\",\"props\":{\"content\":\"Suleymanoglu uzman teknik servis hizmeti ile yan\\u0131n\\u0131zda!\",\"icon\":\"warning\",\"title\":\"UZMAN TEKN\\u0130K SERV\\u0130S\"}},{\"type\":\"grid_item\",\"props\":{\"content\":\"Kaliteli ve uzun \\u00f6m\\u00fcrl\\u00fc yedek par\\u00e7alar.\",\"icon\":\"cog\",\"title\":\"KAL\\u0130TEL\\u0130 YEDEK PAR\\u00c7A\"}},{\"type\":\"grid_item\",\"props\":{\"content\":\"D\\u00fcnya \\u00e7ap\\u0131nda geni\\u015f servis a\\u011f\\u0131 ve bayilikler.\",\"icon\":\"location\",\"title\":\"GEN\\u0130\\u015e BAY\\u0130 A\\u011eI\"}}]},{\"type\":\"button\",\"props\":{\"button_size\":\"large\",\"grid_column_gap\":\"small\",\"grid_row_gap\":\"small\",\"margin\":\"large\",\"text_align\":\"center\"},\"children\":[{\"type\":\"button_item\",\"props\":{\"button_style\":\"primary\",\"content\":\"B\\u0130ZE ULA\\u015eIN\",\"icon_align\":\"left\"},\"source\":{\"query\":{\"name\":\"pages.customPage\",\"arguments\":{\"users\":[],\"users_operator\":\"IN\",\"offset\":0,\"order\":\"date\",\"order_direction\":\"DESC\",\"id\":261}},\"props\":{\"link\":{\"filters\":{\"search\":\"\"},\"name\":\"link\"}}}}]}]}]}]}],\"version\":\"4.4.16\"} --><\/p>\n","protected":false},"excerpt":{"rendered":"<p>DISC ROLLER Read more SPAYER MACHINE Read more Tar\u0131m, do\u011fan\u0131n resmidir; her f\u0131r\u00e7a darbesi topra\u011fa verilen eme\u011fin ve \u00f6zenin ifadesidir. Jean-Fran\u00e7ois Millet UZMAN TEKN\u0130K SERV\u0130S Suleymanoglu uzman teknik servis hizmeti ile yan\u0131n\u0131zda! KAL\u0130TEL\u0130 YEDEK PAR\u00c7A Kaliteli ve uzun \u00f6m\u00fcrl\u00fc yedek par\u00e7alar. GEN\u0130\u015e BAY\u0130 A\u011eI D\u00fcnya \u00e7ap\u0131nda geni\u015f servis a\u011f\u0131 ve bayilikler. B\u0130ZE ULA\u015eIN<\/p>\n","protected":false},"author":1,"featured_media":0,"parent":0,"menu_order":0,"comment_status":"closed","ping_status":"closed","template":"","meta":{"footnotes":""},"class_list":["post-257","page","type-page","status-publish","hentry"],"acf":[],"_links":{"self":[{"href":"https:\/\/www.suleymanoglutarim.com.tr\/tr\/wp-json\/wp\/v2\/pages\/257","targetHints":{"allow":["GET"]}}],"collection":[{"href":"https:\/\/www.suleymanoglutarim.com.tr\/tr\/wp-json\/wp\/v2\/pages"}],"about":[{"href":"https:\/\/www.suleymanoglutarim.com.tr\/tr\/wp-json\/wp\/v2\/types\/page"}],"author":[{"embeddable":true,"href":"https:\/\/www.suleymanoglutarim.com.tr\/tr\/wp-json\/wp\/v2\/users\/1"}],"replies":[{"embeddable":true,"href":"https:\/\/www.suleymanoglutarim.com.tr\/tr\/wp-json\/wp\/v2\/comments?post=257"}],"version-history":[{"count":15,"href":"https:\/\/www.suleymanoglutarim.com.tr\/tr\/wp-json\/wp\/v2\/pages\/257\/revisions"}],"predecessor-version":[{"id":383,"href":"https:\/\/www.suleymanoglutarim.com.tr\/tr\/wp-json\/wp\/v2\/pages\/257\/revisions\/383"}],"wp:attachment":[{"href":"https:\/\/www.suleymanoglutarim.com.tr\/tr\/wp-json\/wp\/v2\/media?parent=257"}],"curies":[{"name":"wp","href":"https:\/\/api.w.org\/{rel}","templated":true}]}}